{"id":1429,"date":"2024-09-25T11:35:03","date_gmt":"2024-09-25T11:35:03","guid":{"rendered":"https:\/\/datagea.com\/politique-de-confidentialite\/"},"modified":"2025-11-12T17:34:16","modified_gmt":"2025-11-12T17:34:16","slug":"politique-de-confidentialite","status":"publish","type":"page","link":"https:\/\/datagea.com\/fr\/politique-de-confidentialite\/","title":{"rendered":"Politique de confidentialit\u00e9"},"content":{"rendered":"\t\t<div data-elementor-type=\"wp-page\" data-elementor-id=\"1429\" class=\"elementor elementor-1429 elementor-3\" data-elementor-post-type=\"page\">\n\t\t\t\t<div class=\"elementor-element elementor-element-58607be6 e-flex e-con-boxed e-con e-parent\" data-id=\"58607be6\" data-element_type=\"container\">\n\t\t\t\t\t<div class=\"e-con-inner\">\n\t\t\t\t<div class=\"elementor-element elementor-element-7b6b38c elementor-widget__width-initial elementor-widget elementor-widget-heading\" data-id=\"7b6b38c\" data-element_type=\"widget\" data-widget_type=\"heading.default\">\n\t\t\t\t<div class=\"elementor-widget-container\">\n\t\t\t\t\t<h1 class=\"elementor-heading-title elementor-size-default\">Politique de confidentialit\u00e9<\/h1>\t\t\t\t<\/div>\n\t\t\t\t<\/div>\n\t\t\t\t<div class=\"elementor-element elementor-element-429f4c4c elementor-widget elementor-widget-text-editor\" data-id=\"429f4c4c\" data-element_type=\"widget\" data-widget_type=\"text-editor.default\">\n\t\t\t\t<div class=\"elementor-widget-container\">\n\t\t\t\t\t\t\t\t\t<p><b>D\u00c9CLARATION CONFORM\u00c9MENT \u00c0 L&rsquo;ART. 13 DU R\u00c8GLEMENT (UE) N\u00b0 679\/2016 RELATIF AU TRAITEMENT DES DONN\u00c9ES \u00c0 CARACT\u00c8RE PERSONNEL <\/b><\/p><p>Ces informations sont fournies conform\u00e9ment \u00e0 l&rsquo;article 13 de la loi sur la protection des donn\u00e9es. <b>R\u00e8glement (UE) n\u00b0 679\/2016 <\/b>&#8211; Le r\u00e8glement europ\u00e9en sur la protection des donn\u00e9es (ci-apr\u00e8s commun\u00e9ment appel\u00e9 \u00ab\u00a0GDPR\u00a0\u00bb) s&rsquo;applique aux personnes qui acc\u00e8dent aux pages du site www.realmaps.it par voie \u00e9lectronique, mais ne s&rsquo;applique pas aux autres sites qui peuvent \u00eatre consult\u00e9s par l&rsquo;utilisateur par le biais des liens qu&rsquo;ils contiennent. Pour des informations plus d\u00e9taill\u00e9es sur les cookies, veuillez consulter notre Politique en mati\u00e8re de cookies.<\/p><p>Conform\u00e9ment \u00e0 la l\u00e9gislation susmentionn\u00e9e, le traitement des donn\u00e9es \u00e0 caract\u00e8re personnel est r\u00e9gi par les principes d&rsquo;exactitude, de lic\u00e9it\u00e9 et de transparence et par la protection de la confidentialit\u00e9 et des droits de la personne concern\u00e9e.<\/p><p>Le responsable du traitement des donn\u00e9es est DATAGEA OU, Registry code 17258760, Harju maakond, Tallinn, Kesklinna linnaosa, J\u00e4rvevana tee 9, 11314, qui fournit les informations suivantes.<\/p><p>L&rsquo;envoi facultatif, explicite et volontaire de courrier \u00e9lectronique ou d&rsquo;autres messages (via whatsapp ou telegram) aux r\u00e9f\u00e9rences indiqu\u00e9es sur le site web, afin d&rsquo;effectuer des demandes techniques\/commerciales, entra\u00eene l&rsquo;acquisition ult\u00e9rieure de l&rsquo;adresse de l&rsquo;exp\u00e9diteur ainsi que de toute autre donn\u00e9e personnelle contenue dans le message :<\/p><p>La finalit\u00e9 du traitement est la gestion des activit\u00e9s li\u00e9es au type de demande, qu&rsquo;elles soient de nature consultative et\/ou commerciale, y compris l&rsquo;envoi de mat\u00e9riel publicitaire et d&rsquo;offres technico-\u00e9conomiques.<\/p><p>Les bases juridiques du traitement des donn\u00e9es fournies par l&rsquo;acheteur sont l&rsquo;ex\u00e9cution de la commande qui a pu \u00eatre pass\u00e9e, les obligations l\u00e9gales italiennes ou europ\u00e9ennes, l&rsquo;int\u00e9r\u00eat l\u00e9gitime dans le cas des acheteurs d\u00e9j\u00e0 acquis dans la base de donn\u00e9es, et le consentement lorsqu&rsquo;il est n\u00e9cessaire et demand\u00e9 sous la forme appropri\u00e9e.<\/p><p>Le traitement est effectu\u00e9 par des moyens automatis\u00e9s et\/ou manuels dans les locaux du responsable du traitement, ainsi qu&rsquo;avec l&rsquo;aide de sous-traitants express\u00e9ment autoris\u00e9s.<\/p><p>Les donn\u00e9es ne peuvent \u00eatre divulgu\u00e9es que si elles sont n\u00e9cessaires \u00e0 la fourniture du service.<\/p><p>Les donn\u00e9es relatives aux clients et aux clients potentiels ne sont en aucun cas diffus\u00e9es. Pour tout traitement, des mesures de s\u00e9curit\u00e9 sp\u00e9cifiques sont mises en \u0153uvre afin d&rsquo;\u00e9viter la perte de donn\u00e9es, l&rsquo;utilisation ill\u00e9gale ou incorrecte et l&rsquo;acc\u00e8s non autoris\u00e9.<\/p><p>Enfin, nous vous informons que les personnes concern\u00e9es peuvent exercer les droits pr\u00e9vus aux articles 15 \u00e0 22 du RGPD, y compris le droit d&rsquo;obtenir du responsable du traitement la confirmation de l&rsquo;existence ou non de donn\u00e9es \u00e0 caract\u00e8re personnel les concernant et, le cas \u00e9ch\u00e9ant, l&rsquo;autorisation de les mettre \u00e0 disposition ; Elles peuvent \u00e9galement demander \u00e0 conna\u00eetre l&rsquo;origine des donn\u00e9es ainsi que la logique et les finalit\u00e9s du traitement, obtenir l&rsquo;effacement, la transformation sous forme anonyme ou le verrouillage des donn\u00e9es trait\u00e9es en violation de la loi, ainsi que la mise \u00e0 jour, la rectification ou, s&rsquo;il y a int\u00e9r\u00eat, l&rsquo;int\u00e9gration des donn\u00e9es et enfin s&rsquo;opposer, pour des motifs l\u00e9gitimes, au traitement.<\/p><p>Dans ce cas, les demandes doivent \u00eatre adress\u00e9es au responsable du traitement des donn\u00e9es \u00e0 l&rsquo;adresse suivante : info@realmaps.it, pec realmaps@legalmail.it.<\/p>\t\t\t\t\t\t\t\t<\/div>\n\t\t\t\t<\/div>\n\t\t\t\t\t<\/div>\n\t\t\t\t<\/div>\n\t\t\t\t<\/div>\n\t\t","protected":false},"excerpt":{"rendered":"<p>Politique de confidentialit\u00e9 D\u00c9CLARATION CONFORM\u00c9MENT \u00c0 L&rsquo;ART. 13 DU R\u00c8GLEMENT (UE) N\u00b0 679\/2016 RELATIF AU TRAITEMENT DES DONN\u00c9ES \u00c0 CARACT\u00c8RE PERSONNEL Ces informations sont fournies conform\u00e9ment \u00e0 l&rsquo;article 13 de la loi sur la protection des donn\u00e9es. R\u00e8glement (UE) n\u00b0 679\/2016 &#8211; Le r\u00e8glement europ\u00e9en sur la protection des donn\u00e9es (ci-apr\u00e8s commun\u00e9ment appel\u00e9 \u00ab\u00a0GDPR\u00a0\u00bb) s&rsquo;applique [&hellip;]<\/p>\n","protected":false},"author":1,"featured_media":0,"parent":0,"menu_order":0,"comment_status":"closed","ping_status":"open","template":"","meta":{"footnotes":""},"class_list":["post-1429","page","type-page","status-publish","hentry"],"yoast_head":"<!-- This site is optimized with the Yoast SEO plugin v24.4 - https:\/\/yoast.com\/wordpress\/plugins\/seo\/ -->\n<title>Politique de confidentialit\u00e9 - DataGea<\/title>\n<meta name=\"robots\" content=\"index, follow, max-snippet:-1, max-image-preview:large, max-video-preview:-1\" \/>\n<link rel=\"canonical\" href=\"https:\/\/datagea.com\/fr\/politique-de-confidentialite\/\" \/>\n<meta property=\"og:locale\" content=\"fr_FR\" \/>\n<meta property=\"og:type\" content=\"article\" \/>\n<meta property=\"og:title\" content=\"Politique de confidentialit\u00e9 - DataGea\" \/>\n<meta property=\"og:description\" content=\"Politique de confidentialit\u00e9 D\u00c9CLARATION CONFORM\u00c9MENT \u00c0 L&rsquo;ART. 13 DU R\u00c8GLEMENT (UE) N\u00b0 679\/2016 RELATIF AU TRAITEMENT DES DONN\u00c9ES \u00c0 CARACT\u00c8RE PERSONNEL Ces informations sont fournies conform\u00e9ment \u00e0 l&rsquo;article 13 de la loi sur la protection des donn\u00e9es. R\u00e8glement (UE) n\u00b0 679\/2016 &#8211; Le r\u00e8glement europ\u00e9en sur la protection des donn\u00e9es (ci-apr\u00e8s commun\u00e9ment appel\u00e9 \u00ab\u00a0GDPR\u00a0\u00bb) s&rsquo;applique [&hellip;]\" \/>\n<meta property=\"og:url\" content=\"https:\/\/datagea.com\/fr\/politique-de-confidentialite\/\" \/>\n<meta property=\"og:site_name\" content=\"DataGea\" \/>\n<meta property=\"article:modified_time\" content=\"2025-11-12T17:34:16+00:00\" \/>\n<meta name=\"twitter:card\" content=\"summary_large_image\" \/>\n<meta name=\"twitter:label1\" content=\"Dur\u00e9e de lecture estim\u00e9e\" \/>\n\t<meta name=\"twitter:data1\" content=\"3 minutes\" \/>\n<script type=\"application\/ld+json\" class=\"yoast-schema-graph\">{\"@context\":\"https:\/\/schema.org\",\"@graph\":[{\"@type\":\"WebPage\",\"@id\":\"https:\/\/datagea.com\/fr\/politique-de-confidentialite\/\",\"url\":\"https:\/\/datagea.com\/fr\/politique-de-confidentialite\/\",\"name\":\"Politique de confidentialit\u00e9 - DataGea\",\"isPartOf\":{\"@id\":\"https:\/\/datagea.com\/fr\/#website\"},\"datePublished\":\"2024-09-25T11:35:03+00:00\",\"dateModified\":\"2025-11-12T17:34:16+00:00\",\"breadcrumb\":{\"@id\":\"https:\/\/datagea.com\/fr\/politique-de-confidentialite\/#breadcrumb\"},\"inLanguage\":\"fr-FR\",\"potentialAction\":[{\"@type\":\"ReadAction\",\"target\":[\"https:\/\/datagea.com\/fr\/politique-de-confidentialite\/\"]}]},{\"@type\":\"BreadcrumbList\",\"@id\":\"https:\/\/datagea.com\/fr\/politique-de-confidentialite\/#breadcrumb\",\"itemListElement\":[{\"@type\":\"ListItem\",\"position\":1,\"name\":\"Home\",\"item\":\"https:\/\/datagea.com\/fr\/\"},{\"@type\":\"ListItem\",\"position\":2,\"name\":\"Politique de confidentialit\u00e9\"}]},{\"@type\":\"WebSite\",\"@id\":\"https:\/\/datagea.com\/fr\/#website\",\"url\":\"https:\/\/datagea.com\/fr\/\",\"name\":\"DataGea\",\"description\":\"Leader internazionale nella leads generation\",\"publisher\":{\"@id\":\"https:\/\/datagea.com\/fr\/#organization\"},\"potentialAction\":[{\"@type\":\"SearchAction\",\"target\":{\"@type\":\"EntryPoint\",\"urlTemplate\":\"https:\/\/datagea.com\/fr\/?s={search_term_string}\"},\"query-input\":{\"@type\":\"PropertyValueSpecification\",\"valueRequired\":true,\"valueName\":\"search_term_string\"}}],\"inLanguage\":\"fr-FR\"},{\"@type\":\"Organization\",\"@id\":\"https:\/\/datagea.com\/fr\/#organization\",\"name\":\"DataGea\",\"url\":\"https:\/\/datagea.com\/fr\/\",\"logo\":{\"@type\":\"ImageObject\",\"inLanguage\":\"fr-FR\",\"@id\":\"https:\/\/datagea.com\/fr\/#\/schema\/logo\/image\/\",\"url\":\"https:\/\/datagea.com\/wp-content\/uploads\/2024\/09\/logo-datagea.png\",\"contentUrl\":\"https:\/\/datagea.com\/wp-content\/uploads\/2024\/09\/logo-datagea.png\",\"width\":499,\"height\":117,\"caption\":\"DataGea\"},\"image\":{\"@id\":\"https:\/\/datagea.com\/fr\/#\/schema\/logo\/image\/\"}}]}<\/script>\n<!-- \/ Yoast SEO plugin. -->","yoast_head_json":{"title":"Politique de confidentialit\u00e9 - DataGea","robots":{"index":"index","follow":"follow","max-snippet":"max-snippet:-1","max-image-preview":"max-image-preview:large","max-video-preview":"max-video-preview:-1"},"canonical":"https:\/\/datagea.com\/fr\/politique-de-confidentialite\/","og_locale":"fr_FR","og_type":"article","og_title":"Politique de confidentialit\u00e9 - DataGea","og_description":"Politique de confidentialit\u00e9 D\u00c9CLARATION CONFORM\u00c9MENT \u00c0 L&rsquo;ART. 13 DU R\u00c8GLEMENT (UE) N\u00b0 679\/2016 RELATIF AU TRAITEMENT DES DONN\u00c9ES \u00c0 CARACT\u00c8RE PERSONNEL Ces informations sont fournies conform\u00e9ment \u00e0 l&rsquo;article 13 de la loi sur la protection des donn\u00e9es. R\u00e8glement (UE) n\u00b0 679\/2016 &#8211; Le r\u00e8glement europ\u00e9en sur la protection des donn\u00e9es (ci-apr\u00e8s commun\u00e9ment appel\u00e9 \u00ab\u00a0GDPR\u00a0\u00bb) s&rsquo;applique [&hellip;]","og_url":"https:\/\/datagea.com\/fr\/politique-de-confidentialite\/","og_site_name":"DataGea","article_modified_time":"2025-11-12T17:34:16+00:00","twitter_card":"summary_large_image","twitter_misc":{"Dur\u00e9e de lecture estim\u00e9e":"3 minutes"},"schema":{"@context":"https:\/\/schema.org","@graph":[{"@type":"WebPage","@id":"https:\/\/datagea.com\/fr\/politique-de-confidentialite\/","url":"https:\/\/datagea.com\/fr\/politique-de-confidentialite\/","name":"Politique de confidentialit\u00e9 - DataGea","isPartOf":{"@id":"https:\/\/datagea.com\/fr\/#website"},"datePublished":"2024-09-25T11:35:03+00:00","dateModified":"2025-11-12T17:34:16+00:00","breadcrumb":{"@id":"https:\/\/datagea.com\/fr\/politique-de-confidentialite\/#breadcrumb"},"inLanguage":"fr-FR","potentialAction":[{"@type":"ReadAction","target":["https:\/\/datagea.com\/fr\/politique-de-confidentialite\/"]}]},{"@type":"BreadcrumbList","@id":"https:\/\/datagea.com\/fr\/politique-de-confidentialite\/#breadcrumb","itemListElement":[{"@type":"ListItem","position":1,"name":"Home","item":"https:\/\/datagea.com\/fr\/"},{"@type":"ListItem","position":2,"name":"Politique de confidentialit\u00e9"}]},{"@type":"WebSite","@id":"https:\/\/datagea.com\/fr\/#website","url":"https:\/\/datagea.com\/fr\/","name":"DataGea","description":"Leader internazionale nella leads generation","publisher":{"@id":"https:\/\/datagea.com\/fr\/#organization"},"potentialAction":[{"@type":"SearchAction","target":{"@type":"EntryPoint","urlTemplate":"https:\/\/datagea.com\/fr\/?s={search_term_string}"},"query-input":{"@type":"PropertyValueSpecification","valueRequired":true,"valueName":"search_term_string"}}],"inLanguage":"fr-FR"},{"@type":"Organization","@id":"https:\/\/datagea.com\/fr\/#organization","name":"DataGea","url":"https:\/\/datagea.com\/fr\/","logo":{"@type":"ImageObject","inLanguage":"fr-FR","@id":"https:\/\/datagea.com\/fr\/#\/schema\/logo\/image\/","url":"https:\/\/datagea.com\/wp-content\/uploads\/2024\/09\/logo-datagea.png","contentUrl":"https:\/\/datagea.com\/wp-content\/uploads\/2024\/09\/logo-datagea.png","width":499,"height":117,"caption":"DataGea"},"image":{"@id":"https:\/\/datagea.com\/fr\/#\/schema\/logo\/image\/"}}]}},"brizy_media":[],"_links":{"self":[{"href":"https:\/\/datagea.com\/fr\/wp-json\/wp\/v2\/pages\/1429","targetHints":{"allow":["GET"]}}],"collection":[{"href":"https:\/\/datagea.com\/fr\/wp-json\/wp\/v2\/pages"}],"about":[{"href":"https:\/\/datagea.com\/fr\/wp-json\/wp\/v2\/types\/page"}],"author":[{"embeddable":true,"href":"https:\/\/datagea.com\/fr\/wp-json\/wp\/v2\/users\/1"}],"replies":[{"embeddable":true,"href":"https:\/\/datagea.com\/fr\/wp-json\/wp\/v2\/comments?post=1429"}],"version-history":[{"count":5,"href":"https:\/\/datagea.com\/fr\/wp-json\/wp\/v2\/pages\/1429\/revisions"}],"predecessor-version":[{"id":1938,"href":"https:\/\/datagea.com\/fr\/wp-json\/wp\/v2\/pages\/1429\/revisions\/1938"}],"wp:attachment":[{"href":"https:\/\/datagea.com\/fr\/wp-json\/wp\/v2\/media?parent=1429"}],"curies":[{"name":"wp","href":"https:\/\/api.w.org\/{rel}","templated":true}]}}