{"id":1812,"date":"2024-09-25T11:35:03","date_gmt":"2024-09-25T11:35:03","guid":{"rendered":"https:\/\/datagea.com\/privacy-policy\/"},"modified":"2025-11-12T16:15:55","modified_gmt":"2025-11-12T16:15:55","slug":"privacy-policy","status":"publish","type":"page","link":"https:\/\/datagea.com\/es\/privacy-policy\/","title":{"rendered":"Privacy Policy"},"content":{"rendered":"\t\t<div data-elementor-type=\"wp-page\" data-elementor-id=\"1812\" class=\"elementor elementor-1812 elementor-3\" data-elementor-post-type=\"page\">\n\t\t\t\t<div class=\"elementor-element elementor-element-58607be6 e-flex e-con-boxed e-con e-parent\" data-id=\"58607be6\" data-element_type=\"container\">\n\t\t\t\t\t<div class=\"e-con-inner\">\n\t\t\t\t<div class=\"elementor-element elementor-element-7b6b38c elementor-widget__width-initial elementor-widget elementor-widget-heading\" data-id=\"7b6b38c\" data-element_type=\"widget\" data-widget_type=\"heading.default\">\n\t\t\t\t<div class=\"elementor-widget-container\">\n\t\t\t\t\t<h1 class=\"elementor-heading-title elementor-size-default\">Privacy Policy<\/h1>\t\t\t\t<\/div>\n\t\t\t\t<\/div>\n\t\t\t\t<div class=\"elementor-element elementor-element-429f4c4c elementor-widget elementor-widget-text-editor\" data-id=\"429f4c4c\" data-element_type=\"widget\" data-widget_type=\"text-editor.default\">\n\t\t\t\t<div class=\"elementor-widget-container\">\n\t\t\t\t\t\t\t\t\t<div id=\"tw-container\" class=\"nev7se\" data-cp=\"1\" data-nnttsvi=\"1\" data-ntl-fpwrite=\"true\" data-sletp=\"false\" data-sm=\"1\" data-ssbp=\"false\" data-sugg-time=\"500\" data-sugg-url=\"https:\/\/clients1.google.com\/complete\/search\" data-uilc=\"it\" data-vil=\",af,af-ZA,am,am-ET,ar-EG,ar-AE,ar-KW,ar-QA,ar,ar-IL,ar-JO,ar-LB,ar-PS,az,az-AZ,bg,bg-BG,bn,bn-BD,bn-IN,ca,ca-es,cs,cs-CZ,de,de-DE,de-CH,de-AT,de-LI,en,en-US,en-CA,en-AU,en-NZ,en-GB,en-IN,en-KE,en-TZ,en-NG,en-GH,en-PH,en-ZA,es,es-ES,es-AR,es-UY,es-419,es-BO,es-CL,es-CR,es-CO,es-DO,es-EC,es-GT,es-HN,es-NI,es-PA,es-PE,es-PR,es-PY,es-SV,es-VE,es-MX,es-US,eu,eu-ES,fi,fi-FI,fr,fr-FR,fr-CH,fr-BE,gl,gl-ES,gu,gu-IN,he,he-IL,iw,iw-IL,hu,hu-HU,hy,hy-AM,id,id-ID,is,is-IS,it,it-IT,it-CH,ja,ja-JP,jv,jv-ID,ka,ka-GE,km,km-KH,kn,kn-IN,ko,ko-KR,la,lo,lo-LA,lv,lv-LV,ml,ml-IN,mr,mr-IN,ms,ms-MY,nl,nl-NL,nb,nb-NO,ne,ne-NP,pl,pl-PL,pt,pt-BR,pt-PT,ro,ro-RO,ru,ru-RU,si-LK,sk,sk-SK,sr,sr-RS,su,su-ID,sv,sv-SE,sw,sw-TZ,sw-KE,ta,ta-IN,ta-SG,ta-LK,ta-MY,te,te-IN,tr,tr-TR,ur,ur-PK,ur-IN,yue,yue-HK,yue-Hant-HK,zh-HK,zh,zh-CN,zh-cmn,zh-cmn-CN,zh-Hans,zh-Hans-CN,zh-cmn-Hans,zh-cmn-Hans-CN,cmn-CN,cmn-Hans,cmn-Hans-CN,zh-TW,zh-Hant-TW,cmn-TW,cmn-Hant-TW,zh-cmn-TW,zh-cmn-Hant-TW,zu,zu-ZA,hi,hi-IN,tl,tl-PH,pa,pa-IN\"><div><div><div id=\"tw-ob\" class=\"tw-src-ltr\"><div class=\"oSioSc\"><div id=\"tw-target\"><div id=\"kAz1tf\" class=\"g9WsWb PZPZlf\" data-attrid=\"tw-targetArea\" data-entityname=\"Google Translate\"><div id=\"tw-target-text-container\" class=\"tw-ta-container tw-nfl\" tabindex=\"0\" role=\"text\"><pre id=\"tw-target-text\" class=\"tw-data-text tw-text-large tw-ta\" dir=\"ltr\" data-placeholder=\"Traduzione\" data-ved=\"2ahUKEwi-hJb6zqCOAxV6hv0HHWBRHF4Q3ewLegQIBxAV\" aria-label=\"Testo tradotto: INFORMACI\u00d3N DE CONFORMIDAD CON EL ART\u00cdCULO 13 DEL REGLAMENTO UE 679\/2016 PARA EL TRATAMIENTO DE DATOS PERSONALES Esta informaci\u00f3n se proporciona de conformidad con el art\u00edculo 13 del Reglamento UE 679\/2016, Reglamento Europeo de Protecci\u00f3n de Datos Personales (en adelante, el \u00abRGPD\u00bb), a quienes tienen acceso electr\u00f3nico a las p\u00e1ginas del sitio web www.datagea.com. Sin embargo, no remite a otros sitios web que el usuario pueda consultar a trav\u00e9s de los enlaces incluidos en el mismo. Para obtener informaci\u00f3n m\u00e1s detallada sobre las cookies, consulte nuestra Pol\u00edtica de Cookies.\"><span class=\"Y2IQFc\" lang=\"es\">Esta informaci\u00f3n se proporciona de conformidad con el art\u00edculo 13 del Reglamento UE 679\/2016, Reglamento Europeo de Protecci\u00f3n de Datos Personales (en adelante, el \u00abRGPD\u00bb), a quienes tienen acceso electr\u00f3nico a las p\u00e1ginas del sitio web www.datagea.com. Sin embargo, no remite a otros sitios web que el usuario pueda consultar a trav\u00e9s de los enlaces incluidos en el mismo. Para obtener informaci\u00f3n m\u00e1s detallada sobre las cookies, consulte nuestra Pol\u00edtica de Cookies.<\/span><\/pre><\/div><div id=\"tw-target-rmn-container\" class=\"tw-target-rmn tw-ta-container tw-nfl\" tabindex=\"0\" role=\"text\"><p>De acuerdo con la legislaci\u00f3n mencionada, el tratamiento de datos personales se basa en los principios de correcci\u00f3n, legalidad y transparencia, as\u00ed como en la protecci\u00f3n de la privacidad y los derechos del interesado.<\/p><p>El responsable del tratamiento es\u00a0 DATAGEA OU Registry code 17258760, Harju maakond, Tallinn, Kesklinna linnaosa, J\u00e4rvevana tee 9, 11314 que, por lo tanto, proporciona la siguiente informaci\u00f3n:<\/p><p>El env\u00edo opcional, expl\u00edcito y voluntario de correos electr\u00f3nicos u otros mensajes (v\u00eda WhatsApp o Telegram) a las referencias indicadas en el sitio web, para realizar solicitudes t\u00e9cnicas o comerciales, implica la posterior recopilaci\u00f3n de la direcci\u00f3n del remitente, as\u00ed como de cualquier otro dato personal contenido en el mensaje. Para dichos datos:<\/p><p>El tratamiento tiene como finalidad la gesti\u00f3n de las actividades relacionadas con el tipo de solicitud, ya sean de consultor\u00eda o comerciales, incluyendo el env\u00edo de material publicitario y ofertas t\u00e9cnicas o econ\u00f3micas.<\/p><p>Las bases legales para el tratamiento de los datos facilitados por el comprador son la ejecuci\u00f3n del pedido eventualmente realizado, las obligaciones legales italianas o comunitarias, el inter\u00e9s leg\u00edtimo en el caso de compradores ya adquirido en la base de datos y cualquier consentimiento cuando sea necesario y solicitado en forma espec\u00edfica.<\/p><div id=\"tw-container\" class=\"nev7se\" data-cp=\"1\" data-nnttsvi=\"1\" data-ntl-fpwrite=\"true\" data-sletp=\"false\" data-sm=\"1\" data-ssbp=\"false\" data-sugg-time=\"500\" data-sugg-url=\"https:\/\/clients1.google.com\/complete\/search\" data-uilc=\"it\" data-vil=\",af,af-ZA,am,am-ET,ar-EG,ar-AE,ar-KW,ar-QA,ar,ar-IL,ar-JO,ar-LB,ar-PS,az,az-AZ,bg,bg-BG,bn,bn-BD,bn-IN,ca,ca-es,cs,cs-CZ,de,de-DE,de-CH,de-AT,de-LI,en,en-US,en-CA,en-AU,en-NZ,en-GB,en-IN,en-KE,en-TZ,en-NG,en-GH,en-PH,en-ZA,es,es-ES,es-AR,es-UY,es-419,es-BO,es-CL,es-CR,es-CO,es-DO,es-EC,es-GT,es-HN,es-NI,es-PA,es-PE,es-PR,es-PY,es-SV,es-VE,es-MX,es-US,eu,eu-ES,fi,fi-FI,fr,fr-FR,fr-CH,fr-BE,gl,gl-ES,gu,gu-IN,he,he-IL,iw,iw-IL,hu,hu-HU,hy,hy-AM,id,id-ID,is,is-IS,it,it-IT,it-CH,ja,ja-JP,jv,jv-ID,ka,ka-GE,km,km-KH,kn,kn-IN,ko,ko-KR,la,lo,lo-LA,lv,lv-LV,ml,ml-IN,mr,mr-IN,ms,ms-MY,nl,nl-NL,nb,nb-NO,ne,ne-NP,pl,pl-PL,pt,pt-BR,pt-PT,ro,ro-RO,ru,ru-RU,si-LK,sk,sk-SK,sr,sr-RS,su,su-ID,sv,sv-SE,sw,sw-TZ,sw-KE,ta,ta-IN,ta-SG,ta-LK,ta-MY,te,te-IN,tr,tr-TR,ur,ur-PK,ur-IN,yue,yue-HK,yue-Hant-HK,zh-HK,zh,zh-CN,zh-cmn,zh-cmn-CN,zh-Hans,zh-Hans-CN,zh-cmn-Hans,zh-cmn-Hans-CN,cmn-CN,cmn-Hans,cmn-Hans-CN,zh-TW,zh-Hant-TW,cmn-TW,cmn-Hant-TW,zh-cmn-TW,zh-cmn-Hant-TW,zu,zu-ZA,hi,hi-IN,tl,tl-PH,pa,pa-IN\"><div><div><div id=\"tw-ob\" class=\"tw-src-ltr\"><div class=\"oSioSc\"><div id=\"tw-target\"><div id=\"kAz1tf\" class=\"g9WsWb PZPZlf\" data-attrid=\"tw-targetArea\" data-entityname=\"Google Translate\"><div id=\"tw-target-text-container\" class=\"tw-ta-container tw-nfl\" tabindex=\"0\" role=\"text\"><pre id=\"tw-target-text\" class=\"tw-data-text tw-text-large tw-ta\" dir=\"ltr\" data-placeholder=\"Traduzione\" data-ved=\"2ahUKEwi-hJb6zqCOAxV6hv0HHWBRHF4Q3ewLegQIBxAV\" aria-label=\"Testo tradotto: El tratamiento se realiza con herramientas automatizadas y\/o manuales en el Responsable del Tratamiento, tambi\u00e9n con la ayuda de encargados del tratamiento expresamente autorizados. Los datos solo se podr\u00e1n comunicar cuando sea necesario para la prestaci\u00f3n del servicio. Los datos de clientes y clientes potenciales no se divulgan en ning\u00fan caso. Para todos los tratamientos, se implementan medidas de seguridad espec\u00edficas para evitar la p\u00e9rdida de datos, el uso il\u00edcito o incorrecto y el acceso no autorizado. Por \u00faltimo, le informamos que los interesados \u200b\u200bpueden ejercer los derechos previstos en los art\u00edculos 15 a 22 del RGPD, incluido el de obtener del responsable del tratamiento la confirmaci\u00f3n de la existencia o no de sus datos personales y permitir su puesta a disposici\u00f3n, si es necesario; tambi\u00e9n pueden solicitar conocer el origen de los datos, as\u00ed como la l\u00f3gica y las finalidades del tratamiento; obtener la cancelaci\u00f3n, la transformaci\u00f3n a forma an\u00f3nima o el bloqueo de los datos tratados en infracci\u00f3n de la ley; as\u00ed como la actualizaci\u00f3n, la rectificaci\u00f3n o, si existe inter\u00e9s, la integraci\u00f3n de los propios datos; y, finalmente, oponerse, por motivos leg\u00edtimos, al tratamiento. En estos casos, las solicitudes deber\u00e1n enviarse al responsable del tratamiento a la direcci\u00f3n de correo electr\u00f3nico info@datagea.com, pec datagea@legalmail.it\"><span class=\"Y2IQFc\" lang=\"es\">El tratamiento se realiza con herramientas automatizadas y\/o manuales en el Responsable del Tratamiento, tambi\u00e9n con la ayuda de encargados del tratamiento expresamente autorizados.\n\nLos datos solo se podr\u00e1n comunicar cuando sea necesario para la prestaci\u00f3n del servicio.\n\nLos datos de clientes y clientes potenciales no se divulgan en ning\u00fan caso.\nPara todos los tratamientos, se implementan medidas de seguridad espec\u00edficas para evitar la p\u00e9rdida de datos, el uso il\u00edcito o incorrecto y el acceso no autorizado.\n\nPor \u00faltimo, le informamos que los interesados \u200b\u200bpueden ejercer los derechos previstos en los art\u00edculos 15 a 22 del RGPD, incluido el de obtener del responsable del tratamiento la confirmaci\u00f3n de la existencia o no de sus datos personales y permitir su puesta a disposici\u00f3n, si es necesario; tambi\u00e9n pueden solicitar conocer el origen de los datos, as\u00ed como la l\u00f3gica y las finalidades del tratamiento; obtener la cancelaci\u00f3n, la transformaci\u00f3n a forma an\u00f3nima o el bloqueo de los datos tratados en infracci\u00f3n de la ley; as\u00ed como la actualizaci\u00f3n, la rectificaci\u00f3n o, si existe inter\u00e9s, la integraci\u00f3n de los propios datos; y, finalmente, oponerse, por motivos leg\u00edtimos, al tratamiento.\n\nEn estos casos, las solicitudes deber\u00e1n enviarse al responsable del tratamiento a la direcci\u00f3n de correo electr\u00f3nico info@datagea.com, pec datagea@legalmail.it<\/span><\/pre><\/div><\/div><\/div><\/div><\/div><\/div><\/div><\/div><\/div><\/div><\/div><\/div><\/div><\/div><\/div><\/div>\t\t\t\t\t\t\t\t<\/div>\n\t\t\t\t<\/div>\n\t\t\t\t\t<\/div>\n\t\t\t\t<\/div>\n\t\t\t\t<\/div>\n\t\t","protected":false},"excerpt":{"rendered":"<p>Privacy Policy Esta informaci\u00f3n se proporciona de conformidad con el art\u00edculo 13 del Reglamento UE 679\/2016, Reglamento Europeo de Protecci\u00f3n de Datos Personales (en adelante, el \u00abRGPD\u00bb), a quienes tienen acceso electr\u00f3nico a las p\u00e1ginas del sitio web www.datagea.com. Sin embargo, no remite a otros sitios web que el usuario pueda consultar a trav\u00e9s de [&hellip;]<\/p>\n","protected":false},"author":1,"featured_media":0,"parent":0,"menu_order":0,"comment_status":"closed","ping_status":"open","template":"","meta":{"footnotes":""},"class_list":["post-1812","page","type-page","status-publish","hentry"],"yoast_head":"<!-- This site is optimized with the Yoast SEO plugin v24.4 - https:\/\/yoast.com\/wordpress\/plugins\/seo\/ -->\n<title>Privacy Policy - DataGea<\/title>\n<meta name=\"robots\" content=\"index, follow, max-snippet:-1, max-image-preview:large, max-video-preview:-1\" \/>\n<link rel=\"canonical\" href=\"https:\/\/datagea.com\/es\/privacy-policy\/\" \/>\n<meta property=\"og:locale\" content=\"es_ES\" \/>\n<meta property=\"og:type\" content=\"article\" \/>\n<meta property=\"og:title\" content=\"Privacy Policy - DataGea\" \/>\n<meta property=\"og:description\" content=\"Privacy Policy Esta informaci\u00f3n se proporciona de conformidad con el art\u00edculo 13 del Reglamento UE 679\/2016, Reglamento Europeo de Protecci\u00f3n de Datos Personales (en adelante, el \u00abRGPD\u00bb), a quienes tienen acceso electr\u00f3nico a las p\u00e1ginas del sitio web www.datagea.com. Sin embargo, no remite a otros sitios web que el usuario pueda consultar a trav\u00e9s de [&hellip;]\" \/>\n<meta property=\"og:url\" content=\"https:\/\/datagea.com\/es\/privacy-policy\/\" \/>\n<meta property=\"og:site_name\" content=\"DataGea\" \/>\n<meta property=\"article:modified_time\" content=\"2025-11-12T16:15:55+00:00\" \/>\n<meta name=\"twitter:card\" content=\"summary_large_image\" \/>\n<meta name=\"twitter:label1\" content=\"Tiempo de lectura\" \/>\n\t<meta name=\"twitter:data1\" content=\"1 minuto\" \/>\n<script type=\"application\/ld+json\" class=\"yoast-schema-graph\">{\"@context\":\"https:\/\/schema.org\",\"@graph\":[{\"@type\":\"WebPage\",\"@id\":\"https:\/\/datagea.com\/es\/privacy-policy\/\",\"url\":\"https:\/\/datagea.com\/es\/privacy-policy\/\",\"name\":\"Privacy Policy - DataGea\",\"isPartOf\":{\"@id\":\"https:\/\/datagea.com\/es\/#website\"},\"datePublished\":\"2024-09-25T11:35:03+00:00\",\"dateModified\":\"2025-11-12T16:15:55+00:00\",\"breadcrumb\":{\"@id\":\"https:\/\/datagea.com\/es\/privacy-policy\/#breadcrumb\"},\"inLanguage\":\"es\",\"potentialAction\":[{\"@type\":\"ReadAction\",\"target\":[\"https:\/\/datagea.com\/es\/privacy-policy\/\"]}]},{\"@type\":\"BreadcrumbList\",\"@id\":\"https:\/\/datagea.com\/es\/privacy-policy\/#breadcrumb\",\"itemListElement\":[{\"@type\":\"ListItem\",\"position\":1,\"name\":\"Home\",\"item\":\"https:\/\/datagea.com\/es\/homepage-es\/\"},{\"@type\":\"ListItem\",\"position\":2,\"name\":\"Privacy Policy\"}]},{\"@type\":\"WebSite\",\"@id\":\"https:\/\/datagea.com\/es\/#website\",\"url\":\"https:\/\/datagea.com\/es\/\",\"name\":\"DataGea\",\"description\":\"Leader internazionale nella leads generation\",\"publisher\":{\"@id\":\"https:\/\/datagea.com\/es\/#organization\"},\"potentialAction\":[{\"@type\":\"SearchAction\",\"target\":{\"@type\":\"EntryPoint\",\"urlTemplate\":\"https:\/\/datagea.com\/es\/?s={search_term_string}\"},\"query-input\":{\"@type\":\"PropertyValueSpecification\",\"valueRequired\":true,\"valueName\":\"search_term_string\"}}],\"inLanguage\":\"es\"},{\"@type\":\"Organization\",\"@id\":\"https:\/\/datagea.com\/es\/#organization\",\"name\":\"DataGea\",\"url\":\"https:\/\/datagea.com\/es\/\",\"logo\":{\"@type\":\"ImageObject\",\"inLanguage\":\"es\",\"@id\":\"https:\/\/datagea.com\/es\/#\/schema\/logo\/image\/\",\"url\":\"https:\/\/datagea.com\/wp-content\/uploads\/2024\/09\/logo-datagea.png\",\"contentUrl\":\"https:\/\/datagea.com\/wp-content\/uploads\/2024\/09\/logo-datagea.png\",\"width\":499,\"height\":117,\"caption\":\"DataGea\"},\"image\":{\"@id\":\"https:\/\/datagea.com\/es\/#\/schema\/logo\/image\/\"}}]}<\/script>\n<!-- \/ Yoast SEO plugin. -->","yoast_head_json":{"title":"Privacy Policy - DataGea","robots":{"index":"index","follow":"follow","max-snippet":"max-snippet:-1","max-image-preview":"max-image-preview:large","max-video-preview":"max-video-preview:-1"},"canonical":"https:\/\/datagea.com\/es\/privacy-policy\/","og_locale":"es_ES","og_type":"article","og_title":"Privacy Policy - DataGea","og_description":"Privacy Policy Esta informaci\u00f3n se proporciona de conformidad con el art\u00edculo 13 del Reglamento UE 679\/2016, Reglamento Europeo de Protecci\u00f3n de Datos Personales (en adelante, el \u00abRGPD\u00bb), a quienes tienen acceso electr\u00f3nico a las p\u00e1ginas del sitio web www.datagea.com. Sin embargo, no remite a otros sitios web que el usuario pueda consultar a trav\u00e9s de [&hellip;]","og_url":"https:\/\/datagea.com\/es\/privacy-policy\/","og_site_name":"DataGea","article_modified_time":"2025-11-12T16:15:55+00:00","twitter_card":"summary_large_image","twitter_misc":{"Tiempo de lectura":"1 minuto"},"schema":{"@context":"https:\/\/schema.org","@graph":[{"@type":"WebPage","@id":"https:\/\/datagea.com\/es\/privacy-policy\/","url":"https:\/\/datagea.com\/es\/privacy-policy\/","name":"Privacy Policy - DataGea","isPartOf":{"@id":"https:\/\/datagea.com\/es\/#website"},"datePublished":"2024-09-25T11:35:03+00:00","dateModified":"2025-11-12T16:15:55+00:00","breadcrumb":{"@id":"https:\/\/datagea.com\/es\/privacy-policy\/#breadcrumb"},"inLanguage":"es","potentialAction":[{"@type":"ReadAction","target":["https:\/\/datagea.com\/es\/privacy-policy\/"]}]},{"@type":"BreadcrumbList","@id":"https:\/\/datagea.com\/es\/privacy-policy\/#breadcrumb","itemListElement":[{"@type":"ListItem","position":1,"name":"Home","item":"https:\/\/datagea.com\/es\/homepage-es\/"},{"@type":"ListItem","position":2,"name":"Privacy Policy"}]},{"@type":"WebSite","@id":"https:\/\/datagea.com\/es\/#website","url":"https:\/\/datagea.com\/es\/","name":"DataGea","description":"Leader internazionale nella leads generation","publisher":{"@id":"https:\/\/datagea.com\/es\/#organization"},"potentialAction":[{"@type":"SearchAction","target":{"@type":"EntryPoint","urlTemplate":"https:\/\/datagea.com\/es\/?s={search_term_string}"},"query-input":{"@type":"PropertyValueSpecification","valueRequired":true,"valueName":"search_term_string"}}],"inLanguage":"es"},{"@type":"Organization","@id":"https:\/\/datagea.com\/es\/#organization","name":"DataGea","url":"https:\/\/datagea.com\/es\/","logo":{"@type":"ImageObject","inLanguage":"es","@id":"https:\/\/datagea.com\/es\/#\/schema\/logo\/image\/","url":"https:\/\/datagea.com\/wp-content\/uploads\/2024\/09\/logo-datagea.png","contentUrl":"https:\/\/datagea.com\/wp-content\/uploads\/2024\/09\/logo-datagea.png","width":499,"height":117,"caption":"DataGea"},"image":{"@id":"https:\/\/datagea.com\/es\/#\/schema\/logo\/image\/"}}]}},"brizy_media":[],"_links":{"self":[{"href":"https:\/\/datagea.com\/es\/wp-json\/wp\/v2\/pages\/1812","targetHints":{"allow":["GET"]}}],"collection":[{"href":"https:\/\/datagea.com\/es\/wp-json\/wp\/v2\/pages"}],"about":[{"href":"https:\/\/datagea.com\/es\/wp-json\/wp\/v2\/types\/page"}],"author":[{"embeddable":true,"href":"https:\/\/datagea.com\/es\/wp-json\/wp\/v2\/users\/1"}],"replies":[{"embeddable":true,"href":"https:\/\/datagea.com\/es\/wp-json\/wp\/v2\/comments?post=1812"}],"version-history":[{"count":5,"href":"https:\/\/datagea.com\/es\/wp-json\/wp\/v2\/pages\/1812\/revisions"}],"predecessor-version":[{"id":1932,"href":"https:\/\/datagea.com\/es\/wp-json\/wp\/v2\/pages\/1812\/revisions\/1932"}],"wp:attachment":[{"href":"https:\/\/datagea.com\/es\/wp-json\/wp\/v2\/media?parent=1812"}],"curies":[{"name":"wp","href":"https:\/\/api.w.org\/{rel}","templated":true}]}}