{"id":1851,"date":"2024-09-25T11:35:03","date_gmt":"2024-09-25T11:35:03","guid":{"rendered":"https:\/\/datagea.com\/datenschutzrichtlinie\/"},"modified":"2025-11-12T16:13:33","modified_gmt":"2025-11-12T16:13:33","slug":"datenschutzrichtlinie","status":"publish","type":"page","link":"https:\/\/datagea.com\/de\/datenschutzrichtlinie\/","title":{"rendered":"Datenschutzrichtlinie"},"content":{"rendered":"\t\t<div data-elementor-type=\"wp-page\" data-elementor-id=\"1851\" class=\"elementor elementor-1851 elementor-3\" data-elementor-post-type=\"page\">\n\t\t\t\t<div class=\"elementor-element elementor-element-58607be6 e-flex e-con-boxed e-con e-parent\" data-id=\"58607be6\" data-element_type=\"container\">\n\t\t\t\t\t<div class=\"e-con-inner\">\n\t\t\t\t<div class=\"elementor-element elementor-element-7b6b38c elementor-widget__width-initial elementor-widget elementor-widget-heading\" data-id=\"7b6b38c\" data-element_type=\"widget\" data-widget_type=\"heading.default\">\n\t\t\t\t<div class=\"elementor-widget-container\">\n\t\t\t\t\t<h1 class=\"elementor-heading-title elementor-size-default\">Datenschutzrichtlinie<\/h1>\t\t\t\t<\/div>\n\t\t\t\t<\/div>\n\t\t\t\t<div class=\"elementor-element elementor-element-429f4c4c elementor-widget elementor-widget-text-editor\" data-id=\"429f4c4c\" data-element_type=\"widget\" data-widget_type=\"text-editor.default\">\n\t\t\t\t<div class=\"elementor-widget-container\">\n\t\t\t\t\t\t\t\t\t<pre class=\"tw-data-text tw-text-large tw-ta\" dir=\"ltr\" data-placeholder=\"Traduzione\" data-ved=\"2ahUKEwjCivHo1LSOAxVZ_7sIHUG6N3oQ3ewLegQIChAV\" aria-label=\"Testo tradotto: INFORMATIONEN GEM\u00c4SS ART. 13 DER EU-VERORDNUNG (EU) 679\/2016 \u00dcBER DIE VERARBEITUNG PERSONENBEZOGENER DATEN Diese Informationen richten sich gem\u00e4\u00df Art. 13 der EU-Verordnung 679\/2016 \u2013 Europ\u00e4ische Datenschutz-Grundverordnung (nachfolgend \u201eDSGVO\u201c) \u2013 an alle, die elektronisch auf die Seiten der Website www.datagea.com zugreifen. Sie gelten jedoch nicht f\u00fcr andere Websites, die \u00fcber darin enthaltene Links aufgerufen werden k\u00f6nnen. Ausf\u00fchrlichere Informationen zu Cookies finden Sie in unserer Cookie-Richtlinie. Gem\u00e4\u00df den oben genannten Rechtsvorschriften basiert die Verarbeitung personenbezogener Daten auf den Grunds\u00e4tzen der Fairness, Rechtm\u00e4\u00dfigkeit und Transparenz sowie dem Schutz der Privatsph\u00e4re und der Rechte der betroffenen Person.\"><span class=\"Y2IQFc\" lang=\"de\">INFORMATIONEN GEM\u00c4SS ART. 13 DER EU-VERORDNUNG (EU) 679\/2016 \u00dcBER DIE VERARBEITUNG PERSONENBEZOGENER DATEN\n\nDiese Informationen richten sich gem\u00e4\u00df Art. 13 der EU-Verordnung 679\/2016 \u2013 Europ\u00e4ische Datenschutz-Grundverordnung (nachfolgend \u201eDSGVO\u201c) \u2013 an alle, die elektronisch auf die Seiten der Website www.datagea.com zugreifen. Sie gelten jedoch nicht f\u00fcr andere Websites, die \u00fcber darin enthaltene Links aufgerufen werden k\u00f6nnen. Ausf\u00fchrlichere Informationen zu Cookies finden Sie in unserer Cookie-Richtlinie.\n\nGem\u00e4\u00df den oben genannten Rechtsvorschriften basiert die Verarbeitung personenbezogener Daten auf den Grunds\u00e4tzen der Fairness, Rechtm\u00e4\u00dfigkeit und Transparenz sowie dem Schutz der Privatsph\u00e4re und der Rechte der betroffenen Person.<\/span><\/pre><div id=\"tw-container\" class=\"nev7se\" data-cp=\"1\" data-nnttsvi=\"1\" data-ntl-fpwrite=\"true\" data-sletp=\"false\" data-sm=\"1\" data-ssbp=\"false\" data-sugg-time=\"500\" data-sugg-url=\"https:\/\/clients1.google.com\/complete\/search\" data-uilc=\"it\" data-vil=\",af,af-ZA,am,am-ET,ar-EG,ar-AE,ar-KW,ar-QA,ar,ar-IL,ar-JO,ar-LB,ar-PS,az,az-AZ,bg,bg-BG,bn,bn-BD,bn-IN,ca,ca-es,cs,cs-CZ,de,de-DE,de-CH,de-AT,de-LI,en,en-US,en-CA,en-AU,en-NZ,en-GB,en-IN,en-KE,en-TZ,en-NG,en-GH,en-PH,en-ZA,es,es-ES,es-AR,es-UY,es-419,es-BO,es-CL,es-CR,es-CO,es-DO,es-EC,es-GT,es-HN,es-NI,es-PA,es-PE,es-PR,es-PY,es-SV,es-VE,es-MX,es-US,eu,eu-ES,fi,fi-FI,fr,fr-FR,fr-CH,fr-BE,gl,gl-ES,gu,gu-IN,he,he-IL,iw,iw-IL,hu,hu-HU,hy,hy-AM,id,id-ID,is,is-IS,it,it-IT,it-CH,ja,ja-JP,jv,jv-ID,ka,ka-GE,km,km-KH,kn,kn-IN,ko,ko-KR,la,lo,lo-LA,lv,lv-LV,ml,ml-IN,mr,mr-IN,ms,ms-MY,nl,nl-NL,nb,nb-NO,ne,ne-NP,pl,pl-PL,pt,pt-BR,pt-PT,ro,ro-RO,ru,ru-RU,si-LK,sk,sk-SK,sr,sr-RS,su,su-ID,sv,sv-SE,sw,sw-TZ,sw-KE,ta,ta-IN,ta-SG,ta-LK,ta-MY,te,te-IN,tr,tr-TR,ur,ur-PK,ur-IN,yue,yue-HK,yue-Hant-HK,zh-HK,zh,zh-CN,zh-cmn,zh-cmn-CN,zh-Hans,zh-Hans-CN,zh-cmn-Hans,zh-cmn-Hans-CN,cmn-CN,cmn-Hans,cmn-Hans-CN,zh-TW,zh-Hant-TW,cmn-TW,cmn-Hant-TW,zh-cmn-TW,zh-cmn-Hant-TW,zu,zu-ZA,hi,hi-IN,tl,tl-PH,pa,pa-IN\"><div><div><div id=\"tw-ob\" class=\"tw-src-ltr\"><div class=\"oSioSc\"><div id=\"tw-target\"><div id=\"kAz1tf\" class=\"g9WsWb PZPZlf\" data-attrid=\"tw-targetArea\" data-entityname=\"Google Translate\"><div id=\"tw-target-text-container\" class=\"tw-ta-container tw-nfl\" tabindex=\"0\" role=\"text\"><pre class=\"tw-data-text tw-text-large tw-ta\" dir=\"ltr\" data-placeholder=\"Traduzione\" data-ved=\"2ahUKEwjCivHo1LSOAxVZ_7sIHUG6N3oQ3ewLegQIChAV\" aria-label=\"Testo tradotto: Verantwortlicher f\u00fcr die Datenverarbeitung ist DATAGEA s.r.l. (USt-IdNr. 01741190084), die daher die folgenden Informationen bereitstellt. Das optionale, ausdr\u00fcckliche und freiwillige Senden von E-Mails oder anderen Nachrichten (\u00fcber WhatsApp oder Telegram) an die auf der Website angegebenen Kontaktinformationen zum Zweck der \u00dcbermittlung technischer\/kommerzieller Anfragen beinhaltet die anschlie\u00dfende Erfassung der Absenderadresse sowie aller anderen in der Nachricht enthaltenen personenbezogenen Daten. Bei diesen Daten zielt die Verarbeitung auf die Abwicklung von Aktivit\u00e4ten im Zusammenhang mit der Art der Anfrage ab, sei es Beratungs- und\/oder kommerzieller Natur, einschlie\u00dflich der Zusendung von Werbematerial und technischen\/finanziellen Angeboten.\"><span class=\"Y2IQFc\" lang=\"de\">Verantwortlicher f\u00fcr die Datenverarbeitung ist DATAGEA OU, <\/span>Registry code 17258760,\u00a0<span class=\"Y2IQFc\" lang=\"de\">Harju maakond, Tallinn, Kesklinna linnaosa, J\u00e4rvevana tee 9, 11314,  die daher die folgenden Informationen bereitstellt. Das optionale, ausdr\u00fcckliche und freiwillige Senden von E-Mails oder anderen Nachrichten (\u00fcber WhatsApp oder Telegram) an die auf der Website angegebenen Kontaktinformationen zum Zweck der \u00dcbermittlung technischer\/kommerzieller Anfragen beinhaltet die anschlie\u00dfende Erfassung der Absenderadresse sowie aller anderen in der Nachricht enthaltenen personenbezogenen Daten. Bei diesen Daten zielt die Verarbeitung auf die Abwicklung von Aktivit\u00e4ten im Zusammenhang mit der Art der Anfrage ab, sei es Beratungs- und\/oder kommerzieller Natur, einschlie\u00dflich der Zusendung von Werbematerial und technischen\/finanziellen Angeboten.<\/span><\/pre><\/div><div id=\"tw-target-rmn-container\" class=\"tw-target-rmn tw-ta-container tw-nfl\" tabindex=\"0\" role=\"text\"><div id=\"tw-container\" class=\"nev7se\" data-cp=\"1\" data-nnttsvi=\"1\" data-ntl-fpwrite=\"true\" data-sletp=\"false\" data-sm=\"1\" data-ssbp=\"false\" data-sugg-time=\"500\" data-sugg-url=\"https:\/\/clients1.google.com\/complete\/search\" data-uilc=\"it\" data-vil=\",af,af-ZA,am,am-ET,ar-EG,ar-AE,ar-KW,ar-QA,ar,ar-IL,ar-JO,ar-LB,ar-PS,az,az-AZ,bg,bg-BG,bn,bn-BD,bn-IN,ca,ca-es,cs,cs-CZ,de,de-DE,de-CH,de-AT,de-LI,en,en-US,en-CA,en-AU,en-NZ,en-GB,en-IN,en-KE,en-TZ,en-NG,en-GH,en-PH,en-ZA,es,es-ES,es-AR,es-UY,es-419,es-BO,es-CL,es-CR,es-CO,es-DO,es-EC,es-GT,es-HN,es-NI,es-PA,es-PE,es-PR,es-PY,es-SV,es-VE,es-MX,es-US,eu,eu-ES,fi,fi-FI,fr,fr-FR,fr-CH,fr-BE,gl,gl-ES,gu,gu-IN,he,he-IL,iw,iw-IL,hu,hu-HU,hy,hy-AM,id,id-ID,is,is-IS,it,it-IT,it-CH,ja,ja-JP,jv,jv-ID,ka,ka-GE,km,km-KH,kn,kn-IN,ko,ko-KR,la,lo,lo-LA,lv,lv-LV,ml,ml-IN,mr,mr-IN,ms,ms-MY,nl,nl-NL,nb,nb-NO,ne,ne-NP,pl,pl-PL,pt,pt-BR,pt-PT,ro,ro-RO,ru,ru-RU,si-LK,sk,sk-SK,sr,sr-RS,su,su-ID,sv,sv-SE,sw,sw-TZ,sw-KE,ta,ta-IN,ta-SG,ta-LK,ta-MY,te,te-IN,tr,tr-TR,ur,ur-PK,ur-IN,yue,yue-HK,yue-Hant-HK,zh-HK,zh,zh-CN,zh-cmn,zh-cmn-CN,zh-Hans,zh-Hans-CN,zh-cmn-Hans,zh-cmn-Hans-CN,cmn-CN,cmn-Hans,cmn-Hans-CN,zh-TW,zh-Hant-TW,cmn-TW,cmn-Hant-TW,zh-cmn-TW,zh-cmn-Hant-TW,zu,zu-ZA,hi,hi-IN,tl,tl-PH,pa,pa-IN\"><div><div><div id=\"tw-ob\" class=\"tw-src-ltr\"><div class=\"oSioSc\"><div id=\"tw-target\"><div id=\"kAz1tf\" class=\"g9WsWb PZPZlf\" data-attrid=\"tw-targetArea\" data-entityname=\"Google Translate\"><div id=\"tw-target-text-container\" class=\"tw-ta-container tw-nfl\" tabindex=\"0\" role=\"text\"><pre id=\"tw-target-text\" class=\"tw-data-text tw-text-large tw-ta\" dir=\"ltr\" data-placeholder=\"Traduzione\" data-ved=\"2ahUKEwjCivHo1LSOAxVZ_7sIHUG6N3oQ3ewLegQIChAV\" aria-label=\"Testo tradotto: Die Rechtsgrundlagen f\u00fcr die Verarbeitung der vom K\u00e4ufer bereitgestellten Daten sind die Erf\u00fcllung eventuell aufgegebener Bestellungen, italienische oder EU-rechtliche Verpflichtungen, das berechtigte Interesse bereits registrierter K\u00e4ufer sowie gegebenenfalls die Einwilligung, die in einem bestimmten Formular angefordert wird. Die Verarbeitung erfolgt mittels automatisierter und\/oder manueller Tools beim Verantwortlichen, auch mit Unterst\u00fctzung ausdr\u00fccklich erm\u00e4chtigter Auftragsverarbeiter. Daten d\u00fcrfen nur weitergegeben werden, wenn dies f\u00fcr die Erbringung der Dienstleistung erforderlich ist. Daten von Kunden und potenziellen Kunden werden in keiner Weise weitergegeben. F\u00fcr die gesamte Verarbeitung werden spezielle Sicherheitsma\u00dfnahmen ergriffen, um Datenverlust, unrechtm\u00e4\u00dfige oder falsche Verwendung und unbefugten Zugriff zu verhindern. Abschlie\u00dfend weisen wir darauf hin, dass die betroffenen Personen die in den Artikeln 15 bis 22 der DSGVO vorgesehenen Rechte aus\u00fcben k\u00f6nnen, einschlie\u00dflich des Rechts, vom Verantwortlichen eine Best\u00e4tigung dar\u00fcber zu erhalten, ob sie betreffende personenbezogene Daten vorhanden sind oder nicht, und gegebenenfalls deren Weitergabe zuzulassen.\"><span class=\"Y2IQFc\" lang=\"de\">Die Rechtsgrundlagen f\u00fcr die Verarbeitung der vom K\u00e4ufer bereitgestellten Daten sind die Erf\u00fcllung eventuell aufgegebener Bestellungen, italienische oder EU-rechtliche Verpflichtungen, das berechtigte Interesse bereits registrierter K\u00e4ufer sowie gegebenenfalls die Einwilligung, die in einem bestimmten Formular angefordert wird. Die Verarbeitung erfolgt mittels automatisierter und\/oder manueller Tools beim Verantwortlichen, auch mit Unterst\u00fctzung ausdr\u00fccklich erm\u00e4chtigter Auftragsverarbeiter. Daten d\u00fcrfen nur weitergegeben werden, wenn dies f\u00fcr die Erbringung der Dienstleistung erforderlich ist. Daten von Kunden und potenziellen Kunden werden in keiner Weise weitergegeben. F\u00fcr die gesamte Verarbeitung werden spezielle Sicherheitsma\u00dfnahmen ergriffen, um Datenverlust, unrechtm\u00e4\u00dfige oder falsche Verwendung und unbefugten Zugriff zu verhindern. Abschlie\u00dfend weisen wir darauf hin, dass die betroffenen Personen die in den Artikeln 15 bis 22 der DSGVO vorgesehenen Rechte aus\u00fcben k\u00f6nnen, einschlie\u00dflich des Rechts, vom Verantwortlichen eine Best\u00e4tigung dar\u00fcber zu erhalten, ob sie betreffende personenbezogene Daten vorhanden sind oder nicht, und gegebenenfalls deren Weitergabe zuzulassen.<\/span><\/pre><\/div><div id=\"tw-target-rmn-container\" class=\"tw-target-rmn tw-ta-container tw-nfl\" tabindex=\"0\" role=\"text\"><div id=\"tw-container\" class=\"nev7se\" data-cp=\"1\" data-nnttsvi=\"1\" data-ntl-fpwrite=\"true\" data-sletp=\"false\" data-sm=\"1\" data-ssbp=\"false\" data-sugg-time=\"500\" data-sugg-url=\"https:\/\/clients1.google.com\/complete\/search\" data-uilc=\"it\" data-vil=\",af,af-ZA,am,am-ET,ar-EG,ar-AE,ar-KW,ar-QA,ar,ar-IL,ar-JO,ar-LB,ar-PS,az,az-AZ,bg,bg-BG,bn,bn-BD,bn-IN,ca,ca-es,cs,cs-CZ,de,de-DE,de-CH,de-AT,de-LI,en,en-US,en-CA,en-AU,en-NZ,en-GB,en-IN,en-KE,en-TZ,en-NG,en-GH,en-PH,en-ZA,es,es-ES,es-AR,es-UY,es-419,es-BO,es-CL,es-CR,es-CO,es-DO,es-EC,es-GT,es-HN,es-NI,es-PA,es-PE,es-PR,es-PY,es-SV,es-VE,es-MX,es-US,eu,eu-ES,fi,fi-FI,fr,fr-FR,fr-CH,fr-BE,gl,gl-ES,gu,gu-IN,he,he-IL,iw,iw-IL,hu,hu-HU,hy,hy-AM,id,id-ID,is,is-IS,it,it-IT,it-CH,ja,ja-JP,jv,jv-ID,ka,ka-GE,km,km-KH,kn,kn-IN,ko,ko-KR,la,lo,lo-LA,lv,lv-LV,ml,ml-IN,mr,mr-IN,ms,ms-MY,nl,nl-NL,nb,nb-NO,ne,ne-NP,pl,pl-PL,pt,pt-BR,pt-PT,ro,ro-RO,ru,ru-RU,si-LK,sk,sk-SK,sr,sr-RS,su,su-ID,sv,sv-SE,sw,sw-TZ,sw-KE,ta,ta-IN,ta-SG,ta-LK,ta-MY,te,te-IN,tr,tr-TR,ur,ur-PK,ur-IN,yue,yue-HK,yue-Hant-HK,zh-HK,zh,zh-CN,zh-cmn,zh-cmn-CN,zh-Hans,zh-Hans-CN,zh-cmn-Hans,zh-cmn-Hans-CN,cmn-CN,cmn-Hans,cmn-Hans-CN,zh-TW,zh-Hant-TW,cmn-TW,cmn-Hant-TW,zh-cmn-TW,zh-cmn-Hant-TW,zu,zu-ZA,hi,hi-IN,tl,tl-PH,pa,pa-IN\"><div><div><div id=\"tw-ob\" class=\"tw-src-ltr\"><div class=\"oSioSc\"><div id=\"tw-target\"><div id=\"kAz1tf\" class=\"g9WsWb PZPZlf\" data-attrid=\"tw-targetArea\" data-entityname=\"Google Translate\"><div id=\"tw-target-text-container\" class=\"tw-ta-container tw-nfl\" tabindex=\"0\" role=\"text\"><pre id=\"tw-target-text\" class=\"tw-data-text tw-text-large tw-ta\" dir=\"ltr\" data-placeholder=\"Traduzione\" data-ved=\"2ahUKEwjCivHo1LSOAxVZ_7sIHUG6N3oQ3ewLegQIChAV\" aria-label=\"Testo tradotto: Sie k\u00f6nnen au\u00dferdem Auskunft \u00fcber die Herkunft der Daten sowie deren Verarbeitungslogik und -zweck verlangen, die L\u00f6schung, Anonymisierung oder Sperrung rechtswidrig verarbeiteter Daten verlangen, sowie deren Aktualisierung, Berichtigung oder, falls interessiert, deren Erg\u00e4nzung verlangen und schlie\u00dflich aus berechtigten Gr\u00fcnden der Verarbeitung widersprechen. In diesen F\u00e4llen sind die Anfragen an den Verantwortlichen unter info@datagea.com oder per E-Mail an datagea@legalmail.it zu richten.\"><span class=\"Y2IQFc\" lang=\"de\">Sie k\u00f6nnen au\u00dferdem Auskunft \u00fcber die Herkunft der Daten sowie deren Verarbeitungslogik und -zweck verlangen, die L\u00f6schung, Anonymisierung oder Sperrung rechtswidrig verarbeiteter Daten verlangen, sowie deren Aktualisierung, Berichtigung oder, falls interessiert, deren Erg\u00e4nzung verlangen und schlie\u00dflich aus berechtigten Gr\u00fcnden der Verarbeitung widersprechen. In diesen F\u00e4llen sind die Anfragen an den Verantwortlichen unter info@datagea.com oder per E-Mail an datagea@legalmail.it zu richten.<\/span><\/pre><\/div><\/div><\/div><\/div><\/div><\/div><\/div><\/div><\/div><\/div><\/div><\/div><\/div><\/div><\/div><\/div><\/div><\/div><\/div><\/div><\/div><\/div><\/div><\/div>\t\t\t\t\t\t\t\t<\/div>\n\t\t\t\t<\/div>\n\t\t\t\t\t<\/div>\n\t\t\t\t<\/div>\n\t\t\t\t<\/div>\n\t\t","protected":false},"excerpt":{"rendered":"<p>Datenschutzrichtlinie INFORMATIONEN GEM\u00c4SS ART. 13 DER EU-VERORDNUNG (EU) 679\/2016 \u00dcBER DIE VERARBEITUNG PERSONENBEZOGENER DATEN Diese Informationen richten sich gem\u00e4\u00df Art. 13 der EU-Verordnung 679\/2016 \u2013 Europ\u00e4ische Datenschutz-Grundverordnung (nachfolgend \u201eDSGVO\u201c) \u2013 an alle, die elektronisch auf die Seiten der Website www.datagea.com zugreifen. Sie gelten jedoch nicht f\u00fcr andere Websites, die \u00fcber darin enthaltene Links aufgerufen werden [&hellip;]<\/p>\n","protected":false},"author":1,"featured_media":0,"parent":0,"menu_order":0,"comment_status":"closed","ping_status":"open","template":"","meta":{"footnotes":""},"class_list":["post-1851","page","type-page","status-publish","hentry"],"yoast_head":"<!-- This site is optimized with the Yoast SEO plugin v24.4 - https:\/\/yoast.com\/wordpress\/plugins\/seo\/ -->\n<title>Datenschutzrichtlinie - DataGea<\/title>\n<meta name=\"robots\" content=\"index, follow, max-snippet:-1, max-image-preview:large, max-video-preview:-1\" \/>\n<link rel=\"canonical\" href=\"https:\/\/datagea.com\/de\/datenschutzrichtlinie\/\" \/>\n<meta property=\"og:locale\" content=\"de_DE\" \/>\n<meta property=\"og:type\" content=\"article\" \/>\n<meta property=\"og:title\" content=\"Datenschutzrichtlinie - DataGea\" \/>\n<meta property=\"og:description\" content=\"Datenschutzrichtlinie INFORMATIONEN GEM\u00c4SS ART. 13 DER EU-VERORDNUNG (EU) 679\/2016 \u00dcBER DIE VERARBEITUNG PERSONENBEZOGENER DATEN Diese Informationen richten sich gem\u00e4\u00df Art. 13 der EU-Verordnung 679\/2016 \u2013 Europ\u00e4ische Datenschutz-Grundverordnung (nachfolgend \u201eDSGVO\u201c) \u2013 an alle, die elektronisch auf die Seiten der Website www.datagea.com zugreifen. Sie gelten jedoch nicht f\u00fcr andere Websites, die \u00fcber darin enthaltene Links aufgerufen werden [&hellip;]\" \/>\n<meta property=\"og:url\" content=\"https:\/\/datagea.com\/de\/datenschutzrichtlinie\/\" \/>\n<meta property=\"og:site_name\" content=\"DataGea\" \/>\n<meta property=\"article:modified_time\" content=\"2025-11-12T16:13:33+00:00\" \/>\n<meta name=\"twitter:card\" content=\"summary_large_image\" \/>\n<meta name=\"twitter:label1\" content=\"Gesch\u00e4tzte Lesezeit\" \/>\n\t<meta name=\"twitter:data1\" content=\"1\u00a0Minute\" \/>\n<script type=\"application\/ld+json\" class=\"yoast-schema-graph\">{\"@context\":\"https:\/\/schema.org\",\"@graph\":[{\"@type\":\"WebPage\",\"@id\":\"https:\/\/datagea.com\/de\/datenschutzrichtlinie\/\",\"url\":\"https:\/\/datagea.com\/de\/datenschutzrichtlinie\/\",\"name\":\"Datenschutzrichtlinie - DataGea\",\"isPartOf\":{\"@id\":\"https:\/\/datagea.com\/de\/#website\"},\"datePublished\":\"2024-09-25T11:35:03+00:00\",\"dateModified\":\"2025-11-12T16:13:33+00:00\",\"breadcrumb\":{\"@id\":\"https:\/\/datagea.com\/de\/datenschutzrichtlinie\/#breadcrumb\"},\"inLanguage\":\"de\",\"potentialAction\":[{\"@type\":\"ReadAction\",\"target\":[\"https:\/\/datagea.com\/de\/datenschutzrichtlinie\/\"]}]},{\"@type\":\"BreadcrumbList\",\"@id\":\"https:\/\/datagea.com\/de\/datenschutzrichtlinie\/#breadcrumb\",\"itemListElement\":[{\"@type\":\"ListItem\",\"position\":1,\"name\":\"Home\",\"item\":\"https:\/\/datagea.com\/de\/\"},{\"@type\":\"ListItem\",\"position\":2,\"name\":\"Datenschutzrichtlinie\"}]},{\"@type\":\"WebSite\",\"@id\":\"https:\/\/datagea.com\/de\/#website\",\"url\":\"https:\/\/datagea.com\/de\/\",\"name\":\"DataGea\",\"description\":\"Leader internazionale nella leads generation\",\"publisher\":{\"@id\":\"https:\/\/datagea.com\/de\/#organization\"},\"potentialAction\":[{\"@type\":\"SearchAction\",\"target\":{\"@type\":\"EntryPoint\",\"urlTemplate\":\"https:\/\/datagea.com\/de\/?s={search_term_string}\"},\"query-input\":{\"@type\":\"PropertyValueSpecification\",\"valueRequired\":true,\"valueName\":\"search_term_string\"}}],\"inLanguage\":\"de\"},{\"@type\":\"Organization\",\"@id\":\"https:\/\/datagea.com\/de\/#organization\",\"name\":\"DataGea\",\"url\":\"https:\/\/datagea.com\/de\/\",\"logo\":{\"@type\":\"ImageObject\",\"inLanguage\":\"de\",\"@id\":\"https:\/\/datagea.com\/de\/#\/schema\/logo\/image\/\",\"url\":\"https:\/\/datagea.com\/wp-content\/uploads\/2024\/09\/logo-datagea.png\",\"contentUrl\":\"https:\/\/datagea.com\/wp-content\/uploads\/2024\/09\/logo-datagea.png\",\"width\":499,\"height\":117,\"caption\":\"DataGea\"},\"image\":{\"@id\":\"https:\/\/datagea.com\/de\/#\/schema\/logo\/image\/\"}}]}<\/script>\n<!-- \/ Yoast SEO plugin. -->","yoast_head_json":{"title":"Datenschutzrichtlinie - DataGea","robots":{"index":"index","follow":"follow","max-snippet":"max-snippet:-1","max-image-preview":"max-image-preview:large","max-video-preview":"max-video-preview:-1"},"canonical":"https:\/\/datagea.com\/de\/datenschutzrichtlinie\/","og_locale":"de_DE","og_type":"article","og_title":"Datenschutzrichtlinie - DataGea","og_description":"Datenschutzrichtlinie INFORMATIONEN GEM\u00c4SS ART. 13 DER EU-VERORDNUNG (EU) 679\/2016 \u00dcBER DIE VERARBEITUNG PERSONENBEZOGENER DATEN Diese Informationen richten sich gem\u00e4\u00df Art. 13 der EU-Verordnung 679\/2016 \u2013 Europ\u00e4ische Datenschutz-Grundverordnung (nachfolgend \u201eDSGVO\u201c) \u2013 an alle, die elektronisch auf die Seiten der Website www.datagea.com zugreifen. Sie gelten jedoch nicht f\u00fcr andere Websites, die \u00fcber darin enthaltene Links aufgerufen werden [&hellip;]","og_url":"https:\/\/datagea.com\/de\/datenschutzrichtlinie\/","og_site_name":"DataGea","article_modified_time":"2025-11-12T16:13:33+00:00","twitter_card":"summary_large_image","twitter_misc":{"Gesch\u00e4tzte Lesezeit":"1\u00a0Minute"},"schema":{"@context":"https:\/\/schema.org","@graph":[{"@type":"WebPage","@id":"https:\/\/datagea.com\/de\/datenschutzrichtlinie\/","url":"https:\/\/datagea.com\/de\/datenschutzrichtlinie\/","name":"Datenschutzrichtlinie - DataGea","isPartOf":{"@id":"https:\/\/datagea.com\/de\/#website"},"datePublished":"2024-09-25T11:35:03+00:00","dateModified":"2025-11-12T16:13:33+00:00","breadcrumb":{"@id":"https:\/\/datagea.com\/de\/datenschutzrichtlinie\/#breadcrumb"},"inLanguage":"de","potentialAction":[{"@type":"ReadAction","target":["https:\/\/datagea.com\/de\/datenschutzrichtlinie\/"]}]},{"@type":"BreadcrumbList","@id":"https:\/\/datagea.com\/de\/datenschutzrichtlinie\/#breadcrumb","itemListElement":[{"@type":"ListItem","position":1,"name":"Home","item":"https:\/\/datagea.com\/de\/"},{"@type":"ListItem","position":2,"name":"Datenschutzrichtlinie"}]},{"@type":"WebSite","@id":"https:\/\/datagea.com\/de\/#website","url":"https:\/\/datagea.com\/de\/","name":"DataGea","description":"Leader internazionale nella leads generation","publisher":{"@id":"https:\/\/datagea.com\/de\/#organization"},"potentialAction":[{"@type":"SearchAction","target":{"@type":"EntryPoint","urlTemplate":"https:\/\/datagea.com\/de\/?s={search_term_string}"},"query-input":{"@type":"PropertyValueSpecification","valueRequired":true,"valueName":"search_term_string"}}],"inLanguage":"de"},{"@type":"Organization","@id":"https:\/\/datagea.com\/de\/#organization","name":"DataGea","url":"https:\/\/datagea.com\/de\/","logo":{"@type":"ImageObject","inLanguage":"de","@id":"https:\/\/datagea.com\/de\/#\/schema\/logo\/image\/","url":"https:\/\/datagea.com\/wp-content\/uploads\/2024\/09\/logo-datagea.png","contentUrl":"https:\/\/datagea.com\/wp-content\/uploads\/2024\/09\/logo-datagea.png","width":499,"height":117,"caption":"DataGea"},"image":{"@id":"https:\/\/datagea.com\/de\/#\/schema\/logo\/image\/"}}]}},"brizy_media":[],"_links":{"self":[{"href":"https:\/\/datagea.com\/de\/wp-json\/wp\/v2\/pages\/1851","targetHints":{"allow":["GET"]}}],"collection":[{"href":"https:\/\/datagea.com\/de\/wp-json\/wp\/v2\/pages"}],"about":[{"href":"https:\/\/datagea.com\/de\/wp-json\/wp\/v2\/types\/page"}],"author":[{"embeddable":true,"href":"https:\/\/datagea.com\/de\/wp-json\/wp\/v2\/users\/1"}],"replies":[{"embeddable":true,"href":"https:\/\/datagea.com\/de\/wp-json\/wp\/v2\/comments?post=1851"}],"version-history":[{"count":4,"href":"https:\/\/datagea.com\/de\/wp-json\/wp\/v2\/pages\/1851\/revisions"}],"predecessor-version":[{"id":1926,"href":"https:\/\/datagea.com\/de\/wp-json\/wp\/v2\/pages\/1851\/revisions\/1926"}],"wp:attachment":[{"href":"https:\/\/datagea.com\/de\/wp-json\/wp\/v2\/media?parent=1851"}],"curies":[{"name":"wp","href":"https:\/\/api.w.org\/{rel}","templated":true}]}}